{"id":2180,"date":"2020-07-19T22:22:09","date_gmt":"2020-07-19T20:22:09","guid":{"rendered":"http:\/\/www.pixelacademia.com\/?page_id=2180"},"modified":"2025-08-22T23:42:37","modified_gmt":"2025-08-22T21:42:37","slug":"contact","status":"publish","type":"page","link":"https:\/\/www.pixelacademia.com\/index.php\/contact\/","title":{"rendered":"Contact"},"content":{"rendered":"<p>[et_pb_section fb_built=\u00a0\u00bb1&Prime; _builder_version=\u00a0\u00bb4.5.1&Prime; background_image=\u00a0\u00bbhttps:\/\/www.pixelacademia.com\/wp-content\/uploads\/2021\/07\/peinture2.jpg\u00a0\u00bb parallax=\u00a0\u00bbon\u00a0\u00bb parallax_method=\u00a0\u00bboff\u00a0\u00bb][\/et_pb_section][et_pb_section fb_built=\u00a0\u00bb1&Prime; _builder_version=\u00a0\u00bb4.4.8&Prime; background_color=\u00a0\u00bb#88c4dd\u00a0\u00bb locked=\u00a0\u00bboff\u00a0\u00bb][et_pb_row _builder_version=\u00a0\u00bb4.4.8&Prime; max_height=\u00a0\u00bb1000px\u00a0\u00bb custom_margin=\u00a0\u00bb-42px||-91px||false|false\u00a0\u00bb][et_pb_column type=\u00a0\u00bb4_4&Prime; _builder_version=\u00a0\u00bb4.4.8&Prime;][et_pb_text _builder_version=\u00a0\u00bb4.4.8&Prime; text_text_color=\u00a0\u00bb#ffffff\u00a0\u00bb text_font_size=\u00a0\u00bb45px\u00a0\u00bb animation_style=\u00a0\u00bbfade\u00a0\u00bb text_text_shadow_style=\u00a0\u00bbpreset1&Prime; text_text_shadow_horizontal_length=\u00a0\u00bb-0.02em\u00a0\u00bb text_text_shadow_blur_strength=\u00a0\u00bb0.29em\u00a0\u00bb]<\/p>\n<p style=\"text-align: center;\"><strong>Contact<\/strong><\/p>\n<p>[\/et_pb_text][\/et_pb_column][\/et_pb_row][\/et_pb_section][et_pb_section fb_built=\u00a0\u00bb1&Prime; disabled_on=\u00a0\u00bboff|off|off\u00a0\u00bb _builder_version=\u00a0\u00bb4.5.1&Prime; max_height=\u00a0\u00bb423px\u00a0\u00bb max_height_tablet=\u00a0\u00bb\u00a0\u00bb max_height_phone=\u00a0\u00bb\u00a0\u00bb max_height_last_edited=\u00a0\u00bbon|desktop\u00a0\u00bb custom_padding=\u00a0\u00bb46px|||||\u00a0\u00bb top_divider_height=\u00a0\u00bb31px\u00a0\u00bb bottom_divider_height=\u00a0\u00bb37px\u00a0\u00bb locked=\u00a0\u00bboff\u00a0\u00bb][et_pb_row _builder_version=\u00a0\u00bb4.5.1&Prime; width=\u00a0\u00bb82%\u00a0\u00bb max_width=\u00a0\u00bb1906px\u00a0\u00bb custom_margin=\u00a0\u00bb-53px||||false|false\u00a0\u00bb][et_pb_column type=\u00a0\u00bb4_4&Prime; _builder_version=\u00a0\u00bb4.5.1&Prime;][et_pb_text content_tablet=\u00a0\u00bb<\/p>\n<p><strong>Contactez-nous<\/strong><\/p>\n<p style=%22text-align: center;%22><strong>Si vous \u00eates int\u00e9ress\u00e9 par nos conf\u00e9rences m\u00e9tiers ou nos formations (Unreal Engine, Substance Painter, Zbrush, Codeur Graphique\u2026), n\u2019h\u00e9sitez pas \u00e0 nous contacter.<\/strong><\/p>\n<p style=%22text-align: center;%22><strong><a href=%22mailto:Manuel@pixelacademia.com%22>Manuel@pixelacademia.com<\/a><\/strong><\/p>\n<p style=%22text-align: center;%22><strong>Envoyez-nous un SMS ou un whatsapp en indiquant votre pr\u00e9nom et on vous contacte au moment de votre choix.<\/strong><\/p>\n<p style=%22text-align: center;%22><strong><a href=%22tel:0661813926%22>06 61 81 39 26<\/a><\/strong><\/p>\n<p style=%22text-align: center;%22><strong><em>(Placez votre doigt sur le num\u00e9ro de t\u00e9l\u00e9phone ou le mail pour le s\u00e9lectionner et le copier)<\/em><\/strong><\/p>\n<p>&nbsp;<\/p>\n<p>\u00a0\u00bb content_phone=\u00a0\u00bb<\/p>\n<p style=%22text-align: center;%22><strong>Contactez-nous<\/strong><\/p>\n<p style=%22text-align: center;%22><strong>Si vous \u00eates int\u00e9ress\u00e9 par nos conf\u00e9rences m\u00e9tiers ou nos formations (Unreal Engine, Substance Painter, Zbrush, Codeur Graphique\u2026), n\u2019h\u00e9sitez pas \u00e0 nous contacter.<\/strong><\/p>\n<p style=%22text-align: center;%22><strong><a href=%22mailto:Manuel@pixelacademia.com%22>Manuel@pixelacademia.com<\/a><\/strong><\/p>\n<p style=%22text-align: center;%22><strong>Envoyez-nous un SMS ou un whatsapp en indiquant votre pr\u00e9nom et on vous contacte au moment de votre choix.<\/strong><\/p>\n<p style=%22text-align: center;%22><strong><a href=%22tel:0661813926%22>06 61 81 39 26<\/a><\/strong><\/p>\n<p style=%22text-align: center;%22><strong><em>(Placez votre doigt sur le num\u00e9ro de t\u00e9l\u00e9phone ou le mail pour le s\u00e9lectionner et le copier)<\/em><\/strong><\/p>\n<p>\u00a0\u00bb content_last_edited=\u00a0\u00bbon|phone\u00a0\u00bb _builder_version=\u00a0\u00bb4.5.1&Prime; text_font_size=\u00a0\u00bb16px\u00a0\u00bb custom_margin=\u00a0\u00bb46px||||false|false\u00a0\u00bb hover_enabled=\u00a0\u00bb0&Prime;]<\/p>\n<p style=\"text-align: center;\"><strong>Contactez-nous<\/strong><\/p>\n<p style=\"text-align: justify;\">Si vous \u00eates int\u00e9ress\u00e9 par nos conf\u00e9rences m\u00e9tiers ou nos formations (Unreal Engine, Substance Painter, Zbrush, Codeur Graphique\u2026), n\u2019h\u00e9sitez pas \u00e0 nous contacter.<\/p>\n<p style=\"text-align: center;\">Manuel@pixelacademia.com<\/p>\n<p>[\/et_pb_text][\/et_pb_column][\/et_pb_row][\/et_pb_section][et_pb_section fb_built=\u00a0\u00bb1&Prime; prev_background_color=\u00a0\u00bb#ffffff\u00a0\u00bb disabled_on=\u00a0\u00bbon|on|on\u00a0\u00bb admin_label=\u00a0\u00bbimage\u00a0\u00bb _builder_version=\u00a0\u00bb4.5.1&Prime; background_image=\u00a0\u00bbhttps:\/\/www.pixelacademia.com\/wp-content\/uploads\/2020\/08\/desse04.jpg\u00a0\u00bb parallax=\u00a0\u00bbon\u00a0\u00bb parallax_method=\u00a0\u00bboff\u00a0\u00bb height=\u00a0\u00bb200px\u00a0\u00bb height_tablet=\u00a0\u00bb\u00a0\u00bb height_phone=\u00a0\u00bb300px\u00a0\u00bb height_last_edited=\u00a0\u00bbon|desktop\u00a0\u00bb max_height=\u00a0\u00bb200px\u00a0\u00bb max_height_tablet=\u00a0\u00bb\u00a0\u00bb max_height_phone=\u00a0\u00bb300px\u00a0\u00bb max_height_last_edited=\u00a0\u00bbon|phone\u00a0\u00bb top_divider_style=\u00a0\u00bbwave2&Prime; top_divider_height_tablet=\u00a0\u00bb\u00a0\u00bb top_divider_height_phone=\u00a0\u00bb0px\u00a0\u00bb top_divider_height_last_edited=\u00a0\u00bbon|phone\u00a0\u00bb disabled=\u00a0\u00bbon\u00a0\u00bb locked=\u00a0\u00bboff\u00a0\u00bb][\/et_pb_section][et_pb_section fb_built=\u00a0\u00bb1&Prime; prev_background_color=\u00a0\u00bb#ffffff\u00a0\u00bb disabled_on=\u00a0\u00bbon|on|on\u00a0\u00bb admin_label=\u00a0\u00bbpeda\u00a0\u00bb _builder_version=\u00a0\u00bb4.5.1&Prime; background_color=\u00a0\u00bb#b75409&Prime; background_enable_image=\u00a0\u00bboff\u00a0\u00bb parallax=\u00a0\u00bbon\u00a0\u00bb parallax_method=\u00a0\u00bboff\u00a0\u00bb background_enable_video_mp4=\u00a0\u00bboff\u00a0\u00bb background_enable_video_webm=\u00a0\u00bboff\u00a0\u00bb allow_player_pause=\u00a0\u00bbon\u00a0\u00bb height_tablet=\u00a0\u00bb\u00a0\u00bb height_phone=\u00a0\u00bb\u00a0\u00bb height_last_edited=\u00a0\u00bbon|phone\u00a0\u00bb max_height=\u00a0\u00bb333px\u00a0\u00bb max_height_tablet=\u00a0\u00bb\u00a0\u00bb max_height_phone=\u00a0\u00bb\u00a0\u00bb max_height_last_edited=\u00a0\u00bbon|phone\u00a0\u00bb custom_margin=\u00a0\u00bb-1px||-8px||false|false\u00a0\u00bb custom_padding=\u00a0\u00bb2px||0px||false|false\u00a0\u00bb top_divider_style=\u00a0\u00bbramp2&Prime; top_divider_height=\u00a0\u00bb61px\u00a0\u00bb top_divider_repeat=\u00a0\u00bb0x\u00a0\u00bb top_divider_flip=\u00a0\u00bbvertical|horizontal\u00a0\u00bb top_divider_style_tablet=\u00a0\u00bbramp2&Prime; top_divider_style_phone=\u00a0\u00bbramp2&Prime; top_divider_style_last_edited=\u00a0\u00bbon|desktop\u00a0\u00bb border_color_all=\u00a0\u00bbrgba(0,0,0,0)\u00a0\u00bb box_shadow_style=\u00a0\u00bbpreset2&Prime; disabled=\u00a0\u00bbon\u00a0\u00bb locked=\u00a0\u00bboff\u00a0\u00bb][et_pb_row column_structure=\u00a0\u00bb1_3,2_3&Prime; _builder_version=\u00a0\u00bb4.5.1&Prime; animation_style=\u00a0\u00bbfade\u00a0\u00bb animation_duration=\u00a0\u00bb1950ms\u00a0\u00bb animation_speed_curve=\u00a0\u00bbease\u00a0\u00bb][et_pb_column type=\u00a0\u00bb1_3&Prime; _builder_version=\u00a0\u00bb4.4.8&Prime;][et_pb_text content_tablet=\u00a0\u00bb<\/p>\n<h2 style=%22text-align: right;%22><span style=%22color: #ffffff;%22><strong>Les m\u00e9tiers du jeu vid\u00e9o, notre p\u00e9dagogie<\/strong><\/span><\/h2>\n<p>\u00a0\u00bb content_phone=\u00a0\u00bb<\/p>\n<h2 style=%22text-align: right;%22><span style=%22color: #ffffff;%22><strong>Les m\u00e9tiers du jeu vid\u00e9o, notre p\u00e9dagogie<\/strong><\/span><\/h2>\n<p>\u00a0\u00bb content_last_edited=\u00a0\u00bbon|phone\u00a0\u00bb _builder_version=\u00a0\u00bb4.5.1&Prime; text_text_color=\u00a0\u00bb#ffffff\u00a0\u00bb text_font_size=\u00a0\u00bb25px\u00a0\u00bb text_line_height=\u00a0\u00bb1em\u00a0\u00bb custom_margin=\u00a0\u00bb35px||||false|false\u00a0\u00bb text_text_shadow_style=\u00a0\u00bbpreset3&Prime; text_text_shadow_vertical_length=\u00a0\u00bb0.28em\u00a0\u00bb text_text_shadow_blur_strength=\u00a0\u00bb0.2em\u00a0\u00bb content__hover_enabled=\u00a0\u00bbon|desktop\u00a0\u00bb]<\/p>\n<h2 style=\"text-align: right;\"><strong><span style=\"color: #ffffff;\">Les m\u00e9tiers du jeu vid\u00e9o, notre p\u00e9dagogie<\/span><\/strong><\/h2>\n<p>[\/et_pb_text][\/et_pb_column][et_pb_column type=\u00a0\u00bb2_3&Prime; _builder_version=\u00a0\u00bb4.4.8&Prime;][et_pb_text content_tablet=\u00a0\u00bb<\/p>\n<p style=%22text-align: justify;%22>Apprendre vite et \u00eatre autonome tout au long de son apprentissage sont les clefs pour durer dans nos m\u00e9tiers : les outils changent rapidement (Unreal Engine 4, substance painter, Zbrush\u2026) et nous manquons souvent de temps pour les apprendre.<strong> Nous vous proposons des formations 100% en ligne et en live en cours du soir ou en journ\u00e9e<\/strong>.<\/p>\n<p style=%22text-align: justify;%22>Nous vous proposons de vous accompagner dans<strong> la r\u00e9alisation de votre book<\/strong> professionnel. A la fin de chaque formation, vous pouvez faire <strong>\u00e9valuer votre employabilit\u00e9<\/strong> aupr\u00e8s des cabinets de recrutement partenaires de PixelAcademia<strong>.<\/strong><\/p>\n<p>\u00a0\u00bb content_phone=\u00a0\u00bb<\/p>\n<p style=%22text-align: justify;%22>Apprendre vite et \u00eatre autonome tout au long de son apprentissage sont les clefs pour durer dans nos m\u00e9tiers : les outils changent rapidement (Unreal Engine 4, Substance Painter, Zbrush\u2026) et nous manquons souvent de temps pour les apprendre.<strong> Nous vous proposons des formations 100% en ligne et en live en cours du soir ou en journ\u00e9e<\/strong>.<\/p>\n<p style=%22text-align: justify;%22>Nous vous proposons de vous accompagner dans<strong> la r\u00e9alisation de votre book<\/strong> professionnel. A la fin de chaque formation, vous pouvez faire <strong>\u00e9valuer votre employabilit\u00e9<\/strong> aupr\u00e8s des cabinets de recrutement partenaires de PixelAcademia<strong>.<\/strong><\/p>\n<p style=%22text-align: justify;%22><strong><\/strong><\/p>\n<p>\u00a0\u00bb content_last_edited=\u00a0\u00bbon|phone\u00a0\u00bb _builder_version=\u00a0\u00bb4.5.1&Prime; text_text_color=\u00a0\u00bb#ffffff\u00a0\u00bb text_font_size=\u00a0\u00bb16px\u00a0\u00bb background_color=\u00a0\u00bbrgba(0,0,0,0)\u00a0\u00bb]<\/p>\n<p style=\"text-align: justify;\">Apprendre vite et \u00eatre autonome tout au long de son apprentissage sont les clefs pour durer dans nos m\u00e9tiers\u00a0: les outils changent rapidement (Unreal Engine 4, Substance Painter, Zbrush\u2026)\u00a0 et nous manquons souvent de temps pour les apprendre.<strong> Nous vous proposons des formations 100% en ligne et en live en cours du soir ou en journ\u00e9e<\/strong>.<\/p>\n<p style=\"text-align: justify;\">Nous vous proposons de vous accompagner dans<strong> la r\u00e9alisation de votre book<\/strong> professionnel. A la fin de chaque formation, vous pouvez faire <strong>\u00e9valuer votre employabilit\u00e9<\/strong> aupr\u00e8s des cabinets de recrutement partenaires de PixelAcademia<strong>.<\/strong><\/p>\n<p>[\/et_pb_text][\/et_pb_column][\/et_pb_row][et_pb_row column_structure=\u00a0\u00bb1_2,1_2&Prime; _builder_version=\u00a0\u00bb4.4.8&Prime; custom_margin=\u00a0\u00bb-29px||||false|false\u00a0\u00bb custom_padding=\u00a0\u00bb2px||||false|false\u00a0\u00bb][et_pb_column type=\u00a0\u00bb1_2&Prime; _builder_version=\u00a0\u00bb4.4.8&Prime;][\/et_pb_column][et_pb_column type=\u00a0\u00bb1_2&Prime; _builder_version=\u00a0\u00bb4.4.8&Prime;][et_pb_button button_url=\u00a0\u00bbhttps:\/\/www.pixelacademia.com\/index.php\/notre-pedagogie\/\u00a0\u00bb button_text=\u00a0\u00bbLes m\u00e9tiers du jeu vid\u00e9o, notre p\u00e9dagogie\u00a0\u00bb button_alignment=\u00a0\u00bbcenter\u00a0\u00bb _builder_version=\u00a0\u00bb4.5.1&Prime; custom_button=\u00a0\u00bbon\u00a0\u00bb button_text_size=\u00a0\u00bb14px\u00a0\u00bb background_layout=\u00a0\u00bbdark\u00a0\u00bb locked=\u00a0\u00bboff\u00a0\u00bb][\/et_pb_button][\/et_pb_column][\/et_pb_row][\/et_pb_section][et_pb_section fb_built=\u00a0\u00bb1&Prime; disabled_on=\u00a0\u00bbon|on|on\u00a0\u00bb admin_label=\u00a0\u00bbimage\u00a0\u00bb _builder_version=\u00a0\u00bb4.5.1&Prime; background_image=\u00a0\u00bbhttps:\/\/www.pixelacademia.com\/wp-content\/uploads\/2020\/08\/desse03.jpg\u00a0\u00bb parallax=\u00a0\u00bbon\u00a0\u00bb parallax_method=\u00a0\u00bboff\u00a0\u00bb height=\u00a0\u00bb200px\u00a0\u00bb height_tablet=\u00a0\u00bb\u00a0\u00bb height_phone=\u00a0\u00bb300px\u00a0\u00bb height_last_edited=\u00a0\u00bbon|desktop\u00a0\u00bb max_height=\u00a0\u00bb200px\u00a0\u00bb max_height_tablet=\u00a0\u00bb\u00a0\u00bb max_height_phone=\u00a0\u00bb300px\u00a0\u00bb max_height_last_edited=\u00a0\u00bbon|phone\u00a0\u00bb disabled=\u00a0\u00bbon\u00a0\u00bb locked=\u00a0\u00bboff\u00a0\u00bb][\/et_pb_section][et_pb_section fb_built=\u00a0\u00bb1&Prime; disabled_on=\u00a0\u00bbon|on|on\u00a0\u00bb admin_label=\u00a0\u00bbpeda\u00a0\u00bb _builder_version=\u00a0\u00bb4.5.1&Prime; background_color=\u00a0\u00bb#b24125&Prime; background_enable_image=\u00a0\u00bboff\u00a0\u00bb parallax=\u00a0\u00bbon\u00a0\u00bb parallax_method=\u00a0\u00bboff\u00a0\u00bb background_enable_video_mp4=\u00a0\u00bboff\u00a0\u00bb background_enable_video_webm=\u00a0\u00bboff\u00a0\u00bb allow_player_pause=\u00a0\u00bbon\u00a0\u00bb height_tablet=\u00a0\u00bb\u00a0\u00bb height_phone=\u00a0\u00bb\u00a0\u00bb height_last_edited=\u00a0\u00bbon|phone\u00a0\u00bb max_height_tablet=\u00a0\u00bb\u00a0\u00bb max_height_phone=\u00a0\u00bb\u00a0\u00bb max_height_last_edited=\u00a0\u00bbon|phone\u00a0\u00bb custom_margin=\u00a0\u00bb-1px||-8px||false|false\u00a0\u00bb custom_padding=\u00a0\u00bb2px||0px||false|false\u00a0\u00bb top_divider_height=\u00a0\u00bb101px\u00a0\u00bb top_divider_repeat=\u00a0\u00bb0x\u00a0\u00bb top_divider_flip=\u00a0\u00bbvertical|horizontal\u00a0\u00bb top_divider_style_tablet=\u00a0\u00bb\u00a0\u00bb top_divider_style_phone=\u00a0\u00bbnone\u00a0\u00bb top_divider_style_last_edited=\u00a0\u00bbon|desktop\u00a0\u00bb border_color_all=\u00a0\u00bbrgba(0,0,0,0)\u00a0\u00bb disabled=\u00a0\u00bbon\u00a0\u00bb locked=\u00a0\u00bboff\u00a0\u00bb][et_pb_row column_structure=\u00a0\u00bb1_3,2_3&Prime; _builder_version=\u00a0\u00bb4.5.1&Prime; animation_style=\u00a0\u00bbfade\u00a0\u00bb animation_duration=\u00a0\u00bb1950ms\u00a0\u00bb animation_speed_curve=\u00a0\u00bbease\u00a0\u00bb][et_pb_column type=\u00a0\u00bb1_3&Prime; _builder_version=\u00a0\u00bb4.4.8&Prime;][et_pb_text content_tablet=\u00a0\u00bb\u00a0\u00bb content_phone=\u00a0\u00bb\u00a0\u00bb content_last_edited=\u00a0\u00bbon|phone\u00a0\u00bb _builder_version=\u00a0\u00bb4.5.1&Prime; text_text_color=\u00a0\u00bb#ffffff\u00a0\u00bb text_font_size=\u00a0\u00bb25px\u00a0\u00bb text_line_height=\u00a0\u00bb1em\u00a0\u00bb custom_margin=\u00a0\u00bb35px||||false|false\u00a0\u00bb text_text_shadow_style=\u00a0\u00bbpreset3&Prime; text_text_shadow_vertical_length=\u00a0\u00bb0.28em\u00a0\u00bb text_text_shadow_blur_strength=\u00a0\u00bb0.2em\u00a0\u00bb]<\/p>\n<h2 style=\"text-align: right;\"><span style=\"color: #ffffff;\"><strong>Formation professionnelle \u00e0 distance : M\u00e9tiers du jeu vid\u00e9o<\/strong><\/span><\/h2>\n<p>[\/et_pb_text][\/et_pb_column][et_pb_column type=\u00a0\u00bb2_3&Prime; _builder_version=\u00a0\u00bb4.4.8&Prime;][et_pb_text content_tablet=\u00a0\u00bb<\/p>\n<p style=%22text-align: justify;%22>Nous proposons des formations \u00e9pur\u00e9es de tout artifice p\u00e9dagogique chronophage, vous aurez l\u2019information que vous recherchez (Unreal Engine 4, Substance Painter, Zbrush, Codeur Graphique\u2026) et <strong>vous pourrez \u00e9voluer aussi vite que vous le souhaitez pendant la formation<\/strong>. Pour \u00eatre clair, si vous faites preuve de curiosit\u00e9, <strong>nos formateurs pousseront leur enseignement aussi loin que vous le d\u00e9sirez.<\/strong><\/p>\n<p>\u00a0\u00bb content_phone=\u00a0\u00bb<\/p>\n<p style=%22text-align: justify;%22>Nous proposons des formations \u00e9pur\u00e9es de tout artifice p\u00e9dagogique chronophage, vous aurez l\u2019information que vous recherchez (Unreal Engine 4, Substance Painter, Zbrush, Codeur Graphique\u2026) et <strong>vous pourrez \u00e9voluer aussi vite que vous le souhaitez pendant la formation<\/strong>. Pour \u00eatre clair, si vous faites preuve de curiosit\u00e9, <strong>nos formateurs pousseront leur enseignement aussi loin que vous le d\u00e9sirez.<\/strong><\/p>\n<p style=%22text-align: justify;%22><strong><\/strong><\/p>\n<p>\u00a0\u00bb content_last_edited=\u00a0\u00bbon|desktop\u00a0\u00bb _builder_version=\u00a0\u00bb4.5.1&Prime; text_text_color=\u00a0\u00bb#ffffff\u00a0\u00bb text_font_size=\u00a0\u00bb16px\u00a0\u00bb background_color=\u00a0\u00bbrgba(0,0,0,0)\u00a0\u00bb]<\/p>\n<p style=\"text-align: justify;\">Nous proposons des formations \u00e9pur\u00e9es de tout artifice p\u00e9dagogique chronophage, vous aurez l\u2019information que vous recherchez (Unreal Engine 4, Substance Painter, Zbrush, Codeur Graphique\u2026) et <strong>vous pourrez \u00e9voluer aussi vite que vous le souhaitez pendant la formation<\/strong>. Pour \u00eatre clair, si vous faites preuve de curiosit\u00e9, <strong>nos formateurs pousseront leur enseignement aussi loin que vous le d\u00e9sirez.<\/strong><\/p>\n<p>[\/et_pb_text][\/et_pb_column][\/et_pb_row][et_pb_row column_structure=\u00a0\u00bb1_2,1_2&Prime; _builder_version=\u00a0\u00bb4.4.8&Prime; custom_margin=\u00a0\u00bb-29px||||false|false\u00a0\u00bb custom_padding=\u00a0\u00bb2px||||false|false\u00a0\u00bb][et_pb_column type=\u00a0\u00bb1_2&Prime; _builder_version=\u00a0\u00bb4.4.8&Prime;][\/et_pb_column][et_pb_column type=\u00a0\u00bb1_2&Prime; _builder_version=\u00a0\u00bb4.4.8&Prime;][et_pb_button button_url=\u00a0\u00bbhttps:\/\/www.pixelacademia.com\/index.php\/formations-professionnelles\/\u00a0\u00bb button_text=\u00a0\u00bbFormation professionnelle : M\u00e9tiers du jeu vid\u00e9o\u00a0\u00bb button_alignment=\u00a0\u00bbcenter\u00a0\u00bb _builder_version=\u00a0\u00bb4.5.1&Prime; custom_button=\u00a0\u00bbon\u00a0\u00bb button_text_size=\u00a0\u00bb14px\u00a0\u00bb background_layout=\u00a0\u00bbdark\u00a0\u00bb custom_margin=\u00a0\u00bb0px||||false|false\u00a0\u00bb custom_margin_tablet=\u00a0\u00bb\u00a0\u00bb custom_margin_phone=\u00a0\u00bb3px||||false|false\u00a0\u00bb custom_margin_last_edited=\u00a0\u00bbon|phone\u00a0\u00bb locked=\u00a0\u00bboff\u00a0\u00bb][\/et_pb_button][\/et_pb_column][\/et_pb_row][\/et_pb_section][et_pb_section fb_built=\u00a0\u00bb1&Prime; disabled_on=\u00a0\u00bbon|on|on\u00a0\u00bb admin_label=\u00a0\u00bbimage\u00a0\u00bb _builder_version=\u00a0\u00bb4.5.1&Prime; background_image=\u00a0\u00bbhttps:\/\/www.pixelacademia.com\/wp-content\/uploads\/2020\/08\/images6.jpg\u00a0\u00bb parallax=\u00a0\u00bbon\u00a0\u00bb parallax_method=\u00a0\u00bboff\u00a0\u00bb height=\u00a0\u00bb200px\u00a0\u00bb height_tablet=\u00a0\u00bb\u00a0\u00bb height_phone=\u00a0\u00bb300px\u00a0\u00bb height_last_edited=\u00a0\u00bbon|desktop\u00a0\u00bb max_height=\u00a0\u00bb200px\u00a0\u00bb max_height_tablet=\u00a0\u00bb\u00a0\u00bb max_height_phone=\u00a0\u00bb300px\u00a0\u00bb max_height_last_edited=\u00a0\u00bbon|phone\u00a0\u00bb top_divider_height=\u00a0\u00bb24px\u00a0\u00bb top_divider_style_tablet=\u00a0\u00bb\u00a0\u00bb top_divider_style_phone=\u00a0\u00bb\u00a0\u00bb top_divider_style_last_edited=\u00a0\u00bbon|phone\u00a0\u00bb disabled=\u00a0\u00bbon\u00a0\u00bb locked=\u00a0\u00bboff\u00a0\u00bb][\/et_pb_section]<\/p>\n","protected":false},"excerpt":{"rendered":"<p>ContactContactez-nous Si vous \u00eates int\u00e9ress\u00e9 par nos conf\u00e9rences m\u00e9tiers ou nos formations (Unreal Engine, Substance Painter, Zbrush, Codeur Graphique\u2026), n\u2019h\u00e9sitez pas \u00e0 nous contacter. Manuel@pixelacademia.com Les m\u00e9tiers du jeu vid\u00e9o, notre p\u00e9dagogieApprendre vite et \u00eatre autonome tout au long de son apprentissage sont les clefs pour durer dans nos m\u00e9tiers\u00a0: les outils changent rapidement (Unreal [&hellip;]<\/p>\n","protected":false},"author":2,"featured_media":0,"parent":0,"menu_order":0,"comment_status":"closed","ping_status":"closed","template":"","meta":{"_et_pb_use_builder":"on","_et_pb_old_content":"","_et_gb_content_width":"","footnotes":""},"class_list":["post-2180","page","type-page","status-publish","hentry"],"yoast_head":"<!-- This site is optimized with the Yoast SEO plugin v26.0 - https:\/\/yoast.com\/wordpress\/plugins\/seo\/ -->\n<title>Contact - Pixelacademia<\/title>\n<meta name=\"description\" content=\"Contactez-nous pour toutes vos questions, demandes de renseignements ou partenariats. Notre \u00e9quipe vous r\u00e9pond rapidement et vous accompagne\" \/>\n<meta name=\"robots\" content=\"index, follow, max-snippet:-1, max-image-preview:large, max-video-preview:-1\" \/>\n<link rel=\"canonical\" href=\"https:\/\/www.pixelacademia.com\/index.php\/contact\/\" \/>\n<meta property=\"og:locale\" content=\"fr_FR\" \/>\n<meta property=\"og:type\" content=\"article\" \/>\n<meta property=\"og:title\" content=\"Contact - Pixelacademia\" \/>\n<meta property=\"og:description\" content=\"Contactez-nous pour toutes vos questions, demandes de renseignements ou partenariats. Notre \u00e9quipe vous r\u00e9pond rapidement et vous accompagne\" \/>\n<meta property=\"og:url\" content=\"https:\/\/www.pixelacademia.com\/index.php\/contact\/\" \/>\n<meta property=\"og:site_name\" content=\"Pixelacademia\" \/>\n<meta property=\"article:modified_time\" content=\"2025-08-22T21:42:37+00:00\" \/>\n<meta name=\"twitter:card\" content=\"summary_large_image\" \/>\n<meta name=\"twitter:label1\" content=\"Dur\u00e9e de lecture estim\u00e9e\" \/>\n\t<meta name=\"twitter:data1\" content=\"5 minutes\" \/>\n<script type=\"application\/ld+json\" class=\"yoast-schema-graph\">{\"@context\":\"https:\/\/schema.org\",\"@graph\":[{\"@type\":\"WebPage\",\"@id\":\"https:\/\/www.pixelacademia.com\/index.php\/contact\/\",\"url\":\"https:\/\/www.pixelacademia.com\/index.php\/contact\/\",\"name\":\"Contact - Pixelacademia\",\"isPartOf\":{\"@id\":\"https:\/\/www.pixelacademia.com\/#website\"},\"datePublished\":\"2020-07-19T20:22:09+00:00\",\"dateModified\":\"2025-08-22T21:42:37+00:00\",\"description\":\"Contactez-nous pour toutes vos questions, demandes de renseignements ou partenariats. Notre \u00e9quipe vous r\u00e9pond rapidement et vous accompagne\",\"breadcrumb\":{\"@id\":\"https:\/\/www.pixelacademia.com\/index.php\/contact\/#breadcrumb\"},\"inLanguage\":\"fr-FR\",\"potentialAction\":[{\"@type\":\"ReadAction\",\"target\":[\"https:\/\/www.pixelacademia.com\/index.php\/contact\/\"]}]},{\"@type\":\"BreadcrumbList\",\"@id\":\"https:\/\/www.pixelacademia.com\/index.php\/contact\/#breadcrumb\",\"itemListElement\":[{\"@type\":\"ListItem\",\"position\":1,\"name\":\"Accueil\",\"item\":\"https:\/\/www.pixelacademia.com\/\"},{\"@type\":\"ListItem\",\"position\":2,\"name\":\"Contact\"}]},{\"@type\":\"WebSite\",\"@id\":\"https:\/\/www.pixelacademia.com\/#website\",\"url\":\"https:\/\/www.pixelacademia.com\/\",\"name\":\"Pixelacademia\",\"description\":\"\",\"potentialAction\":[{\"@type\":\"SearchAction\",\"target\":{\"@type\":\"EntryPoint\",\"urlTemplate\":\"https:\/\/www.pixelacademia.com\/?s={search_term_string}\"},\"query-input\":{\"@type\":\"PropertyValueSpecification\",\"valueRequired\":true,\"valueName\":\"search_term_string\"}}],\"inLanguage\":\"fr-FR\"}]}<\/script>\n<!-- \/ Yoast SEO plugin. -->","yoast_head_json":{"title":"Contact - Pixelacademia","description":"Contactez-nous pour toutes vos questions, demandes de renseignements ou partenariats. Notre \u00e9quipe vous r\u00e9pond rapidement et vous accompagne","robots":{"index":"index","follow":"follow","max-snippet":"max-snippet:-1","max-image-preview":"max-image-preview:large","max-video-preview":"max-video-preview:-1"},"canonical":"https:\/\/www.pixelacademia.com\/index.php\/contact\/","og_locale":"fr_FR","og_type":"article","og_title":"Contact - Pixelacademia","og_description":"Contactez-nous pour toutes vos questions, demandes de renseignements ou partenariats. Notre \u00e9quipe vous r\u00e9pond rapidement et vous accompagne","og_url":"https:\/\/www.pixelacademia.com\/index.php\/contact\/","og_site_name":"Pixelacademia","article_modified_time":"2025-08-22T21:42:37+00:00","twitter_card":"summary_large_image","twitter_misc":{"Dur\u00e9e de lecture estim\u00e9e":"5 minutes"},"schema":{"@context":"https:\/\/schema.org","@graph":[{"@type":"WebPage","@id":"https:\/\/www.pixelacademia.com\/index.php\/contact\/","url":"https:\/\/www.pixelacademia.com\/index.php\/contact\/","name":"Contact - Pixelacademia","isPartOf":{"@id":"https:\/\/www.pixelacademia.com\/#website"},"datePublished":"2020-07-19T20:22:09+00:00","dateModified":"2025-08-22T21:42:37+00:00","description":"Contactez-nous pour toutes vos questions, demandes de renseignements ou partenariats. Notre \u00e9quipe vous r\u00e9pond rapidement et vous accompagne","breadcrumb":{"@id":"https:\/\/www.pixelacademia.com\/index.php\/contact\/#breadcrumb"},"inLanguage":"fr-FR","potentialAction":[{"@type":"ReadAction","target":["https:\/\/www.pixelacademia.com\/index.php\/contact\/"]}]},{"@type":"BreadcrumbList","@id":"https:\/\/www.pixelacademia.com\/index.php\/contact\/#breadcrumb","itemListElement":[{"@type":"ListItem","position":1,"name":"Accueil","item":"https:\/\/www.pixelacademia.com\/"},{"@type":"ListItem","position":2,"name":"Contact"}]},{"@type":"WebSite","@id":"https:\/\/www.pixelacademia.com\/#website","url":"https:\/\/www.pixelacademia.com\/","name":"Pixelacademia","description":"","potentialAction":[{"@type":"SearchAction","target":{"@type":"EntryPoint","urlTemplate":"https:\/\/www.pixelacademia.com\/?s={search_term_string}"},"query-input":{"@type":"PropertyValueSpecification","valueRequired":true,"valueName":"search_term_string"}}],"inLanguage":"fr-FR"}]}},"_links":{"self":[{"href":"https:\/\/www.pixelacademia.com\/index.php\/wp-json\/wp\/v2\/pages\/2180","targetHints":{"allow":["GET"]}}],"collection":[{"href":"https:\/\/www.pixelacademia.com\/index.php\/wp-json\/wp\/v2\/pages"}],"about":[{"href":"https:\/\/www.pixelacademia.com\/index.php\/wp-json\/wp\/v2\/types\/page"}],"author":[{"embeddable":true,"href":"https:\/\/www.pixelacademia.com\/index.php\/wp-json\/wp\/v2\/users\/2"}],"replies":[{"embeddable":true,"href":"https:\/\/www.pixelacademia.com\/index.php\/wp-json\/wp\/v2\/comments?post=2180"}],"version-history":[{"count":50,"href":"https:\/\/www.pixelacademia.com\/index.php\/wp-json\/wp\/v2\/pages\/2180\/revisions"}],"predecessor-version":[{"id":7437,"href":"https:\/\/www.pixelacademia.com\/index.php\/wp-json\/wp\/v2\/pages\/2180\/revisions\/7437"}],"wp:attachment":[{"href":"https:\/\/www.pixelacademia.com\/index.php\/wp-json\/wp\/v2\/media?parent=2180"}],"curies":[{"name":"wp","href":"https:\/\/api.w.org\/{rel}","templated":true}]}}