{"id":7789,"date":"2025-09-08T09:11:57","date_gmt":"2025-09-08T07:11:57","guid":{"rendered":"https:\/\/www.pixelacademia.com\/?page_id=7789"},"modified":"2026-03-03T15:53:46","modified_gmt":"2026-03-03T14:53:46","slug":"intelligence-artificielle","status":"publish","type":"page","link":"https:\/\/www.pixelacademia.com\/index.php\/intelligence-artificielle\/","title":{"rendered":"Intelligence artificielle"},"content":{"rendered":"<p>[et_pb_section fb_built=\u00a0\u00bb1&Prime; _builder_version=\u00a0\u00bb4.16&Prime; background_color=\u00a0\u00bb#b3b3b3&Prime; height_tablet=\u00a0\u00bb\u00a0\u00bb height_phone=\u00a0\u00bb\u00a0\u00bb height_last_edited=\u00a0\u00bbon|phone\u00a0\u00bb max_height_tablet=\u00a0\u00bb\u00a0\u00bb max_height_phone=\u00a0\u00bb\u00a0\u00bb max_height_last_edited=\u00a0\u00bbon|phone\u00a0\u00bb top_divider_color=\u00a0\u00bb#0c71c3&Prime; bottom_divider_height=\u00a0\u00bb48px\u00a0\u00bb locked=\u00a0\u00bboff\u00a0\u00bb global_colors_info=\u00a0\u00bb{}\u00a0\u00bb][et_pb_row _builder_version=\u00a0\u00bb4.16&Prime; locked=\u00a0\u00bboff\u00a0\u00bb global_colors_info=\u00a0\u00bb{}\u00a0\u00bb][et_pb_column type=\u00a0\u00bb4_4&Prime; _builder_version=\u00a0\u00bb4.16&Prime; global_colors_info=\u00a0\u00bb{}\u00a0\u00bb][et_pb_text content_tablet=\u00a0\u00bb<\/p>\n<p style=%22text-align: center;%22><span style=%22color: #000000;%22>Nous proposons des <strong data-start=%2219%22 data-end=%2244%22>formations sur mesure<\/strong> \u00e0 destination des entreprises, ainsi que des <strong data-start=%2290%22 data-end=%22112%22>cours particuliers<\/strong> pour les freelances et les d\u00e9butants souhaitant approfondir leurs comp\u00e9tences dans un domaine sp\u00e9cifique, m\u00eame en cas de contraintes de temps.<\/span><o:p><\/o:p><\/p>\n<p data-start=%22257%22 data-end=%22431%22 style=%22text-align: center;%22><span style=%22color: #000000;%22>Ces parcours personnalis\u00e9s s\u2019adaptent \u00e0 votre emploi du temps et peuvent faire l\u2019objet d\u2019une prise en charge par votre <strong data-start=%22376%22 data-end=%22384%22>OPCO<\/strong> et, dans certains cas, par <strong data-start=%22412%22 data-end=%22430%22>France Travail<\/strong>.<\/span><o:p><\/o:p><\/p>\n<p data-start=%22433%22 data-end=%22550%22 data-is-last-node=%22%22 data-is-only-node=%22%22 style=%22text-align: center;%22><span style=%22color: #000000;%22>Nous vous invitons \u00e0 nous contacter afin d\u2019\u00e9tudier ensemble la solution de formation la plus adapt\u00e9e \u00e0 vos objectifs.<\/span><\/p>\n<p>\u00a0\u00bb content_phone=\u00a0\u00bb<\/p>\n<p style=%22text-align: center;%22><span style=%22color: #000000;%22>Nous proposons des <strong data-start=%2219%22 data-end=%2244%22>formations sur mesure<\/strong> \u00e0 destination des entreprises, ainsi que des <strong data-start=%2290%22 data-end=%22112%22>cours particuliers<\/strong> pour les freelances et les d\u00e9butants souhaitant approfondir leurs comp\u00e9tences dans un domaine sp\u00e9cifique, m\u00eame en cas de contraintes de temps.<\/span><o:p><\/o:p><\/p>\n<p data-start=%22257%22 data-end=%22431%22 style=%22text-align: center;%22><span style=%22color: #000000;%22>Ces parcours personnalis\u00e9s s\u2019adaptent \u00e0 votre emploi du temps et peuvent faire l\u2019objet d\u2019une prise en charge par votre <strong data-start=%22376%22 data-end=%22384%22>OPCO<\/strong> et, dans certains cas, par <strong data-start=%22412%22 data-end=%22430%22>France Travail<\/strong>.<\/span><o:p><\/o:p><\/p>\n<p data-start=%22433%22 data-end=%22550%22 data-is-last-node=%22%22 data-is-only-node=%22%22 style=%22text-align: center;%22><span style=%22color: #000000;%22>Nous vous invitons \u00e0 nous contacter afin d\u2019\u00e9tudier ensemble la solution de formation la plus adapt\u00e9e \u00e0 vos objectifs.<\/span><\/p>\n<p>\u00a0\u00bb content_last_edited=\u00a0\u00bbon|phone\u00a0\u00bb _builder_version=\u00a0\u00bb4.27.4&Prime; text_text_color=\u00a0\u00bb#ffffff\u00a0\u00bb text_font_size=\u00a0\u00bb25px\u00a0\u00bb custom_margin=\u00a0\u00bb-39px||||false|false\u00a0\u00bb custom_margin_tablet=\u00a0\u00bb\u00a0\u00bb custom_margin_phone=\u00a0\u00bb-26px||||false|false\u00a0\u00bb custom_margin_last_edited=\u00a0\u00bbon|phone\u00a0\u00bb custom_padding=\u00a0\u00bb||0px|||\u00a0\u00bb hover_enabled=\u00a0\u00bb0&Prime; global_colors_info=\u00a0\u00bb{}\u00a0\u00bb sticky_enabled=\u00a0\u00bb0&Prime;]<\/p>\n<p style=\"text-align: center;\"><span style=\"color: #000000;\">Nous proposons des <strong data-start=\"19\" data-end=\"44\">formations sur mesure<\/strong> \u00e0 destination des entreprises, ainsi que des <strong data-start=\"90\" data-end=\"112\">cours particuliers<\/strong> pour les freelances et les d\u00e9butants souhaitant approfondir leurs comp\u00e9tences dans un domaine sp\u00e9cifique, m\u00eame en cas de contraintes de temps.<\/span><o:p><\/o:p><\/p>\n<p data-start=\"257\" data-end=\"431\" style=\"text-align: center;\"><span style=\"color: #000000;\">Ces parcours personnalis\u00e9s s\u2019adaptent \u00e0 votre emploi du temps et peuvent faire l\u2019objet d\u2019une prise en charge par votre <strong data-start=\"376\" data-end=\"384\">OPCO<\/strong> et, dans certains cas, par <strong data-start=\"412\" data-end=\"430\">France Travail<\/strong>.<\/span><o:p><\/o:p><\/p>\n<p data-start=\"433\" data-end=\"550\" data-is-last-node=\"\" data-is-only-node=\"\" style=\"text-align: center;\"><span style=\"color: #000000;\">Nous vous invitons \u00e0 nous contacter afin d\u2019\u00e9tudier ensemble la solution de formation la plus adapt\u00e9e \u00e0 vos objectifs.<\/span><\/p>\n<p>[\/et_pb_text][\/et_pb_column][\/et_pb_row][\/et_pb_section][et_pb_section fb_built=\u00a0\u00bb1&Prime; disabled_on=\u00a0\u00bboff|off|off\u00a0\u00bb admin_label=\u00a0\u00bbimage\u00a0\u00bb _builder_version=\u00a0\u00bb4.16&Prime; background_image=\u00a0\u00bbhttps:\/\/www.pixelacademia.com\/wp-content\/uploads\/2020\/07\/images17.jpg\u00a0\u00bb parallax=\u00a0\u00bbon\u00a0\u00bb parallax_method=\u00a0\u00bboff\u00a0\u00bb height=\u00a0\u00bb200px\u00a0\u00bb height_tablet=\u00a0\u00bb\u00a0\u00bb height_phone=\u00a0\u00bb300px\u00a0\u00bb height_last_edited=\u00a0\u00bbon|desktop\u00a0\u00bb max_height=\u00a0\u00bb200px\u00a0\u00bb max_height_tablet=\u00a0\u00bb\u00a0\u00bb max_height_phone=\u00a0\u00bb300px\u00a0\u00bb max_height_last_edited=\u00a0\u00bbon|phone\u00a0\u00bb custom_padding=\u00a0\u00bb||0px|||\u00a0\u00bb locked=\u00a0\u00bboff\u00a0\u00bb global_colors_info=\u00a0\u00bb{}\u00a0\u00bb][et_pb_row _builder_version=\u00a0\u00bb4.16&Prime; _module_preset=\u00a0\u00bbdefault\u00a0\u00bb global_colors_info=\u00a0\u00bb{}\u00a0\u00bb][et_pb_column type=\u00a0\u00bb4_4&Prime; _builder_version=\u00a0\u00bb4.16&Prime; _module_preset=\u00a0\u00bbdefault\u00a0\u00bb global_colors_info=\u00a0\u00bb{}\u00a0\u00bb][\/et_pb_column][\/et_pb_row][\/et_pb_section]<\/p>\n","protected":false},"excerpt":{"rendered":"<p>Nous proposons des formations sur mesure \u00e0 destination des entreprises, ainsi que des cours particuliers pour les freelances et les d\u00e9butants souhaitant approfondir leurs comp\u00e9tences dans un domaine sp\u00e9cifique, m\u00eame en cas de contraintes de temps. Ces parcours personnalis\u00e9s s\u2019adaptent \u00e0 votre emploi du temps et peuvent faire l\u2019objet d\u2019une prise en charge par votre [&hellip;]<\/p>\n","protected":false},"author":1,"featured_media":0,"parent":0,"menu_order":0,"comment_status":"closed","ping_status":"closed","template":"","meta":{"_et_pb_use_builder":"on","_et_pb_old_content":"","_et_gb_content_width":"","footnotes":""},"class_list":["post-7789","page","type-page","status-publish","hentry"],"yoast_head":"<!-- This site is optimized with the Yoast SEO plugin v26.0 - https:\/\/yoast.com\/wordpress\/plugins\/seo\/ -->\n<title>Intelligence artificielle - Pixelacademia<\/title>\n<meta name=\"description\" content=\"notre p\u00e9dagogie en ligne combine interactivit\u00e9, flexibilit\u00e9 et suivi personnalis\u00e9 pour des cours \u00e0 distance efficaces\" \/>\n<meta name=\"robots\" content=\"index, follow, max-snippet:-1, max-image-preview:large, max-video-preview:-1\" \/>\n<link rel=\"canonical\" href=\"https:\/\/www.pixelacademia.com\/index.php\/intelligence-artificielle\/\" \/>\n<meta property=\"og:locale\" content=\"fr_FR\" \/>\n<meta property=\"og:type\" content=\"article\" \/>\n<meta property=\"og:title\" content=\"Intelligence artificielle - Pixelacademia\" \/>\n<meta property=\"og:description\" content=\"notre p\u00e9dagogie en ligne combine interactivit\u00e9, flexibilit\u00e9 et suivi personnalis\u00e9 pour des cours \u00e0 distance efficaces\" \/>\n<meta property=\"og:url\" content=\"https:\/\/www.pixelacademia.com\/index.php\/intelligence-artificielle\/\" \/>\n<meta property=\"og:site_name\" content=\"Pixelacademia\" \/>\n<meta property=\"article:modified_time\" content=\"2026-03-03T14:53:46+00:00\" \/>\n<meta name=\"twitter:card\" content=\"summary_large_image\" \/>\n<meta name=\"twitter:label1\" content=\"Dur\u00e9e de lecture estim\u00e9e\" \/>\n\t<meta name=\"twitter:data1\" content=\"4 minutes\" \/>\n<script type=\"application\/ld+json\" class=\"yoast-schema-graph\">{\"@context\":\"https:\/\/schema.org\",\"@graph\":[{\"@type\":\"WebPage\",\"@id\":\"https:\/\/www.pixelacademia.com\/index.php\/intelligence-artificielle\/\",\"url\":\"https:\/\/www.pixelacademia.com\/index.php\/intelligence-artificielle\/\",\"name\":\"Intelligence artificielle - Pixelacademia\",\"isPartOf\":{\"@id\":\"https:\/\/www.pixelacademia.com\/#website\"},\"datePublished\":\"2025-09-08T07:11:57+00:00\",\"dateModified\":\"2026-03-03T14:53:46+00:00\",\"description\":\"notre p\u00e9dagogie en ligne combine interactivit\u00e9, flexibilit\u00e9 et suivi personnalis\u00e9 pour des cours \u00e0 distance efficaces\",\"breadcrumb\":{\"@id\":\"https:\/\/www.pixelacademia.com\/index.php\/intelligence-artificielle\/#breadcrumb\"},\"inLanguage\":\"fr-FR\",\"potentialAction\":[{\"@type\":\"ReadAction\",\"target\":[\"https:\/\/www.pixelacademia.com\/index.php\/intelligence-artificielle\/\"]}]},{\"@type\":\"BreadcrumbList\",\"@id\":\"https:\/\/www.pixelacademia.com\/index.php\/intelligence-artificielle\/#breadcrumb\",\"itemListElement\":[{\"@type\":\"ListItem\",\"position\":1,\"name\":\"Accueil\",\"item\":\"https:\/\/www.pixelacademia.com\/\"},{\"@type\":\"ListItem\",\"position\":2,\"name\":\"Intelligence artificielle\"}]},{\"@type\":\"WebSite\",\"@id\":\"https:\/\/www.pixelacademia.com\/#website\",\"url\":\"https:\/\/www.pixelacademia.com\/\",\"name\":\"Pixelacademia\",\"description\":\"\",\"potentialAction\":[{\"@type\":\"SearchAction\",\"target\":{\"@type\":\"EntryPoint\",\"urlTemplate\":\"https:\/\/www.pixelacademia.com\/?s={search_term_string}\"},\"query-input\":{\"@type\":\"PropertyValueSpecification\",\"valueRequired\":true,\"valueName\":\"search_term_string\"}}],\"inLanguage\":\"fr-FR\"}]}<\/script>\n<!-- \/ Yoast SEO plugin. -->","yoast_head_json":{"title":"Intelligence artificielle - Pixelacademia","description":"notre p\u00e9dagogie en ligne combine interactivit\u00e9, flexibilit\u00e9 et suivi personnalis\u00e9 pour des cours \u00e0 distance efficaces","robots":{"index":"index","follow":"follow","max-snippet":"max-snippet:-1","max-image-preview":"max-image-preview:large","max-video-preview":"max-video-preview:-1"},"canonical":"https:\/\/www.pixelacademia.com\/index.php\/intelligence-artificielle\/","og_locale":"fr_FR","og_type":"article","og_title":"Intelligence artificielle - Pixelacademia","og_description":"notre p\u00e9dagogie en ligne combine interactivit\u00e9, flexibilit\u00e9 et suivi personnalis\u00e9 pour des cours \u00e0 distance efficaces","og_url":"https:\/\/www.pixelacademia.com\/index.php\/intelligence-artificielle\/","og_site_name":"Pixelacademia","article_modified_time":"2026-03-03T14:53:46+00:00","twitter_card":"summary_large_image","twitter_misc":{"Dur\u00e9e de lecture estim\u00e9e":"4 minutes"},"schema":{"@context":"https:\/\/schema.org","@graph":[{"@type":"WebPage","@id":"https:\/\/www.pixelacademia.com\/index.php\/intelligence-artificielle\/","url":"https:\/\/www.pixelacademia.com\/index.php\/intelligence-artificielle\/","name":"Intelligence artificielle - Pixelacademia","isPartOf":{"@id":"https:\/\/www.pixelacademia.com\/#website"},"datePublished":"2025-09-08T07:11:57+00:00","dateModified":"2026-03-03T14:53:46+00:00","description":"notre p\u00e9dagogie en ligne combine interactivit\u00e9, flexibilit\u00e9 et suivi personnalis\u00e9 pour des cours \u00e0 distance efficaces","breadcrumb":{"@id":"https:\/\/www.pixelacademia.com\/index.php\/intelligence-artificielle\/#breadcrumb"},"inLanguage":"fr-FR","potentialAction":[{"@type":"ReadAction","target":["https:\/\/www.pixelacademia.com\/index.php\/intelligence-artificielle\/"]}]},{"@type":"BreadcrumbList","@id":"https:\/\/www.pixelacademia.com\/index.php\/intelligence-artificielle\/#breadcrumb","itemListElement":[{"@type":"ListItem","position":1,"name":"Accueil","item":"https:\/\/www.pixelacademia.com\/"},{"@type":"ListItem","position":2,"name":"Intelligence artificielle"}]},{"@type":"WebSite","@id":"https:\/\/www.pixelacademia.com\/#website","url":"https:\/\/www.pixelacademia.com\/","name":"Pixelacademia","description":"","potentialAction":[{"@type":"SearchAction","target":{"@type":"EntryPoint","urlTemplate":"https:\/\/www.pixelacademia.com\/?s={search_term_string}"},"query-input":{"@type":"PropertyValueSpecification","valueRequired":true,"valueName":"search_term_string"}}],"inLanguage":"fr-FR"}]}},"_links":{"self":[{"href":"https:\/\/www.pixelacademia.com\/index.php\/wp-json\/wp\/v2\/pages\/7789","targetHints":{"allow":["GET"]}}],"collection":[{"href":"https:\/\/www.pixelacademia.com\/index.php\/wp-json\/wp\/v2\/pages"}],"about":[{"href":"https:\/\/www.pixelacademia.com\/index.php\/wp-json\/wp\/v2\/types\/page"}],"author":[{"embeddable":true,"href":"https:\/\/www.pixelacademia.com\/index.php\/wp-json\/wp\/v2\/users\/1"}],"replies":[{"embeddable":true,"href":"https:\/\/www.pixelacademia.com\/index.php\/wp-json\/wp\/v2\/comments?post=7789"}],"version-history":[{"count":24,"href":"https:\/\/www.pixelacademia.com\/index.php\/wp-json\/wp\/v2\/pages\/7789\/revisions"}],"predecessor-version":[{"id":7936,"href":"https:\/\/www.pixelacademia.com\/index.php\/wp-json\/wp\/v2\/pages\/7789\/revisions\/7936"}],"wp:attachment":[{"href":"https:\/\/www.pixelacademia.com\/index.php\/wp-json\/wp\/v2\/media?parent=7789"}],"curies":[{"name":"wp","href":"https:\/\/api.w.org\/{rel}","templated":true}]}}